{"id":1122,"date":"2025-09-15T18:12:47","date_gmt":"2025-09-15T18:12:47","guid":{"rendered":"https:\/\/ingojooss.com\/?page_id=1122"},"modified":"2025-09-15T22:25:17","modified_gmt":"2025-09-15T22:25:17","slug":"die-zauberfloete","status":"publish","type":"page","link":"https:\/\/ingojooss.com\/?page_id=1122","title":{"rendered":"&#8222;Die Zauberfl\u00f6te&#8220;"},"content":{"rendered":"\n<p class=\"has-medium-font-size\"><strong>Mainfrankentheater W\u00fcrzburg<\/strong><br><\/p>\n\n\n\n<figure class=\"wp-block-image size-large\"><img loading=\"lazy\" decoding=\"async\" width=\"1024\" height=\"558\" src=\"http:\/\/ingojooss.com\/wp-content\/uploads\/2023\/06\/11a3525zauberflwuohp_1_-1024x558.jpeg\" alt=\"\" class=\"wp-image-850\" srcset=\"https:\/\/ingojooss.com\/wp-content\/uploads\/2023\/06\/11a3525zauberflwuohp_1_-1024x558.jpeg 1024w, https:\/\/ingojooss.com\/wp-content\/uploads\/2023\/06\/11a3525zauberflwuohp_1_-300x164.jpeg 300w, https:\/\/ingojooss.com\/wp-content\/uploads\/2023\/06\/11a3525zauberflwuohp_1_-768x419.jpeg 768w, https:\/\/ingojooss.com\/wp-content\/uploads\/2023\/06\/11a3525zauberflwuohp_1_-700x382.jpeg 700w, https:\/\/ingojooss.com\/wp-content\/uploads\/2023\/06\/11a3525zauberflwuohp_1_-520x284.jpeg 520w, https:\/\/ingojooss.com\/wp-content\/uploads\/2023\/06\/11a3525zauberflwuohp_1_-360x196.jpeg 360w, https:\/\/ingojooss.com\/wp-content\/uploads\/2023\/06\/11a3525zauberflwuohp_1_-250x136.jpeg 250w, https:\/\/ingojooss.com\/wp-content\/uploads\/2023\/06\/11a3525zauberflwuohp_1_-100x55.jpeg 100w, https:\/\/ingojooss.com\/wp-content\/uploads\/2023\/06\/11a3525zauberflwuohp_1_.jpeg 1280w\" sizes=\"(max-width: 1024px) 100vw, 1024px\" \/><\/figure>\n\n\n\n<p><br><strong>Musikalische Leitung<\/strong>: Gabor Hontvari<br><strong>Regie: <\/strong>Andreas Wiedermann<br><strong>Ausstattung: <\/strong>Aylin Kaip<br><\/p>\n\n\n\n<figure class=\"wp-block-gallery has-nested-images columns-2 is-cropped wp-block-gallery-1 is-layout-flex wp-block-gallery-is-layout-flex\">\n<figure class=\"wp-block-image size-large\"><a href=\"https:\/\/ingojooss.com\/wp-content\/uploads\/2023\/06\/mg_4452zauberflwuohp_1_.jpeg\" target=\"_blank\" rel=\"noopener\"><img loading=\"lazy\" decoding=\"async\" width=\"967\" height=\"720\" data-id=\"846\" src=\"https:\/\/ingojooss.com\/wp-content\/uploads\/2023\/06\/mg_4452zauberflwuohp_1_.jpeg\" alt=\"\" class=\"wp-image-846\" srcset=\"https:\/\/ingojooss.com\/wp-content\/uploads\/2023\/06\/mg_4452zauberflwuohp_1_.jpeg 967w, https:\/\/ingojooss.com\/wp-content\/uploads\/2023\/06\/mg_4452zauberflwuohp_1_-300x223.jpeg 300w, https:\/\/ingojooss.com\/wp-content\/uploads\/2023\/06\/mg_4452zauberflwuohp_1_-768x572.jpeg 768w, https:\/\/ingojooss.com\/wp-content\/uploads\/2023\/06\/mg_4452zauberflwuohp_1_-700x521.jpeg 700w, https:\/\/ingojooss.com\/wp-content\/uploads\/2023\/06\/mg_4452zauberflwuohp_1_-520x387.jpeg 520w, https:\/\/ingojooss.com\/wp-content\/uploads\/2023\/06\/mg_4452zauberflwuohp_1_-360x268.jpeg 360w, https:\/\/ingojooss.com\/wp-content\/uploads\/2023\/06\/mg_4452zauberflwuohp_1_-250x186.jpeg 250w, https:\/\/ingojooss.com\/wp-content\/uploads\/2023\/06\/mg_4452zauberflwuohp_1_-100x74.jpeg 100w\" sizes=\"(max-width: 967px) 100vw, 967px\" \/><\/a><\/figure>\n\n\n\n<figure class=\"wp-block-image size-large\"><a href=\"https:\/\/ingojooss.com\/wp-content\/uploads\/2023\/06\/11a3604zauberflwuohp_1_.jpeg\" target=\"_blank\" rel=\"noopener\"><img loading=\"lazy\" decoding=\"async\" width=\"1021\" height=\"720\" data-id=\"847\" src=\"https:\/\/ingojooss.com\/wp-content\/uploads\/2023\/06\/11a3604zauberflwuohp_1_.jpeg\" alt=\"\" class=\"wp-image-847\" srcset=\"https:\/\/ingojooss.com\/wp-content\/uploads\/2023\/06\/11a3604zauberflwuohp_1_.jpeg 1021w, https:\/\/ingojooss.com\/wp-content\/uploads\/2023\/06\/11a3604zauberflwuohp_1_-300x212.jpeg 300w, https:\/\/ingojooss.com\/wp-content\/uploads\/2023\/06\/11a3604zauberflwuohp_1_-768x542.jpeg 768w, https:\/\/ingojooss.com\/wp-content\/uploads\/2023\/06\/11a3604zauberflwuohp_1_-700x494.jpeg 700w, https:\/\/ingojooss.com\/wp-content\/uploads\/2023\/06\/11a3604zauberflwuohp_1_-520x367.jpeg 520w, https:\/\/ingojooss.com\/wp-content\/uploads\/2023\/06\/11a3604zauberflwuohp_1_-360x254.jpeg 360w, https:\/\/ingojooss.com\/wp-content\/uploads\/2023\/06\/11a3604zauberflwuohp_1_-250x176.jpeg 250w, https:\/\/ingojooss.com\/wp-content\/uploads\/2023\/06\/11a3604zauberflwuohp_1_-100x71.jpeg 100w\" sizes=\"(max-width: 1021px) 100vw, 1021px\" \/><\/a><\/figure>\n\n\n\n<figure class=\"wp-block-image size-large\"><a href=\"https:\/\/ingojooss.com\/wp-content\/uploads\/2023\/06\/260354818_10161992612068312_5837233642502691579_n.jpeg\" target=\"_blank\" rel=\"noopener\"><img loading=\"lazy\" decoding=\"async\" width=\"960\" height=\"640\" data-id=\"858\" src=\"https:\/\/ingojooss.com\/wp-content\/uploads\/2023\/06\/260354818_10161992612068312_5837233642502691579_n.jpeg\" alt=\"\" class=\"wp-image-858\" srcset=\"https:\/\/ingojooss.com\/wp-content\/uploads\/2023\/06\/260354818_10161992612068312_5837233642502691579_n.jpeg 960w, https:\/\/ingojooss.com\/wp-content\/uploads\/2023\/06\/260354818_10161992612068312_5837233642502691579_n-300x200.jpeg 300w, https:\/\/ingojooss.com\/wp-content\/uploads\/2023\/06\/260354818_10161992612068312_5837233642502691579_n-768x512.jpeg 768w, https:\/\/ingojooss.com\/wp-content\/uploads\/2023\/06\/260354818_10161992612068312_5837233642502691579_n-700x467.jpeg 700w, https:\/\/ingojooss.com\/wp-content\/uploads\/2023\/06\/260354818_10161992612068312_5837233642502691579_n-520x347.jpeg 520w, https:\/\/ingojooss.com\/wp-content\/uploads\/2023\/06\/260354818_10161992612068312_5837233642502691579_n-360x240.jpeg 360w, https:\/\/ingojooss.com\/wp-content\/uploads\/2023\/06\/260354818_10161992612068312_5837233642502691579_n-250x167.jpeg 250w, https:\/\/ingojooss.com\/wp-content\/uploads\/2023\/06\/260354818_10161992612068312_5837233642502691579_n-100x67.jpeg 100w\" sizes=\"(max-width: 960px) 100vw, 960px\" \/><\/a><\/figure>\n\n\n\n<figure class=\"wp-block-image size-large\"><a href=\"https:\/\/ingojooss.com\/wp-content\/uploads\/2023\/06\/260709489_10161992612313312_4387716197776281560_n.jpeg\" target=\"_blank\" rel=\"noopener\"><img loading=\"lazy\" decoding=\"async\" width=\"960\" height=\"640\" data-id=\"857\" src=\"https:\/\/ingojooss.com\/wp-content\/uploads\/2023\/06\/260709489_10161992612313312_4387716197776281560_n.jpeg\" alt=\"\" class=\"wp-image-857\" srcset=\"https:\/\/ingojooss.com\/wp-content\/uploads\/2023\/06\/260709489_10161992612313312_4387716197776281560_n.jpeg 960w, https:\/\/ingojooss.com\/wp-content\/uploads\/2023\/06\/260709489_10161992612313312_4387716197776281560_n-300x200.jpeg 300w, https:\/\/ingojooss.com\/wp-content\/uploads\/2023\/06\/260709489_10161992612313312_4387716197776281560_n-768x512.jpeg 768w, https:\/\/ingojooss.com\/wp-content\/uploads\/2023\/06\/260709489_10161992612313312_4387716197776281560_n-700x467.jpeg 700w, https:\/\/ingojooss.com\/wp-content\/uploads\/2023\/06\/260709489_10161992612313312_4387716197776281560_n-520x347.jpeg 520w, https:\/\/ingojooss.com\/wp-content\/uploads\/2023\/06\/260709489_10161992612313312_4387716197776281560_n-360x240.jpeg 360w, https:\/\/ingojooss.com\/wp-content\/uploads\/2023\/06\/260709489_10161992612313312_4387716197776281560_n-250x167.jpeg 250w, https:\/\/ingojooss.com\/wp-content\/uploads\/2023\/06\/260709489_10161992612313312_4387716197776281560_n-100x67.jpeg 100w\" sizes=\"(max-width: 960px) 100vw, 960px\" \/><\/a><\/figure>\n\n\n\n<figure class=\"wp-block-image size-large\"><a href=\"https:\/\/ingojooss.com\/wp-content\/uploads\/2023\/06\/260467177_10161992611263312_2132584210261995156_n.jpeg\" target=\"_blank\" rel=\"noopener\"><img loading=\"lazy\" decoding=\"async\" width=\"960\" height=\"640\" data-id=\"859\" src=\"https:\/\/ingojooss.com\/wp-content\/uploads\/2023\/06\/260467177_10161992611263312_2132584210261995156_n.jpeg\" alt=\"\" class=\"wp-image-859\" srcset=\"https:\/\/ingojooss.com\/wp-content\/uploads\/2023\/06\/260467177_10161992611263312_2132584210261995156_n.jpeg 960w, https:\/\/ingojooss.com\/wp-content\/uploads\/2023\/06\/260467177_10161992611263312_2132584210261995156_n-300x200.jpeg 300w, https:\/\/ingojooss.com\/wp-content\/uploads\/2023\/06\/260467177_10161992611263312_2132584210261995156_n-768x512.jpeg 768w, https:\/\/ingojooss.com\/wp-content\/uploads\/2023\/06\/260467177_10161992611263312_2132584210261995156_n-700x467.jpeg 700w, https:\/\/ingojooss.com\/wp-content\/uploads\/2023\/06\/260467177_10161992611263312_2132584210261995156_n-520x347.jpeg 520w, https:\/\/ingojooss.com\/wp-content\/uploads\/2023\/06\/260467177_10161992611263312_2132584210261995156_n-360x240.jpeg 360w, https:\/\/ingojooss.com\/wp-content\/uploads\/2023\/06\/260467177_10161992611263312_2132584210261995156_n-250x167.jpeg 250w, https:\/\/ingojooss.com\/wp-content\/uploads\/2023\/06\/260467177_10161992611263312_2132584210261995156_n-100x67.jpeg 100w\" sizes=\"(max-width: 960px) 100vw, 960px\" \/><\/a><\/figure>\n\n\n\n<figure class=\"wp-block-image size-large\"><a href=\"https:\/\/ingojooss.com\/wp-content\/uploads\/2023\/06\/mg_3542zauberflwuohp_1_.jpeg\" target=\"_blank\" rel=\"noopener\"><img loading=\"lazy\" decoding=\"async\" width=\"1024\" height=\"677\" data-id=\"848\" src=\"https:\/\/ingojooss.com\/wp-content\/uploads\/2023\/06\/mg_3542zauberflwuohp_1_-1024x677.jpeg\" alt=\"\" class=\"wp-image-848\" srcset=\"https:\/\/ingojooss.com\/wp-content\/uploads\/2023\/06\/mg_3542zauberflwuohp_1_-1024x677.jpeg 1024w, https:\/\/ingojooss.com\/wp-content\/uploads\/2023\/06\/mg_3542zauberflwuohp_1_-300x198.jpeg 300w, https:\/\/ingojooss.com\/wp-content\/uploads\/2023\/06\/mg_3542zauberflwuohp_1_-768x508.jpeg 768w, https:\/\/ingojooss.com\/wp-content\/uploads\/2023\/06\/mg_3542zauberflwuohp_1_-700x463.jpeg 700w, https:\/\/ingojooss.com\/wp-content\/uploads\/2023\/06\/mg_3542zauberflwuohp_1_-520x344.jpeg 520w, https:\/\/ingojooss.com\/wp-content\/uploads\/2023\/06\/mg_3542zauberflwuohp_1_-360x238.jpeg 360w, https:\/\/ingojooss.com\/wp-content\/uploads\/2023\/06\/mg_3542zauberflwuohp_1_-250x165.jpeg 250w, https:\/\/ingojooss.com\/wp-content\/uploads\/2023\/06\/mg_3542zauberflwuohp_1_-100x66.jpeg 100w, https:\/\/ingojooss.com\/wp-content\/uploads\/2023\/06\/mg_3542zauberflwuohp_1_.jpeg 1089w\" sizes=\"(max-width: 1024px) 100vw, 1024px\" \/><\/a><\/figure>\n<\/figure>\n\n\n\n<p><\/p>\n\n\n\n<figure class=\"wp-block-gallery has-nested-images columns-2 wp-block-gallery-2 is-layout-flex wp-block-gallery-is-layout-flex\">\n<figure class=\"wp-block-image size-large\"><a href=\"https:\/\/ingojooss.com\/wp-content\/uploads\/2023\/06\/mg_4893zauberflwuohp_1_.jpeg\" target=\"_blank\" rel=\"noopener\"><img loading=\"lazy\" decoding=\"async\" width=\"950\" height=\"720\" data-id=\"849\" src=\"https:\/\/ingojooss.com\/wp-content\/uploads\/2023\/06\/mg_4893zauberflwuohp_1_.jpeg\" alt=\"\" class=\"wp-image-849\" srcset=\"https:\/\/ingojooss.com\/wp-content\/uploads\/2023\/06\/mg_4893zauberflwuohp_1_.jpeg 950w, https:\/\/ingojooss.com\/wp-content\/uploads\/2023\/06\/mg_4893zauberflwuohp_1_-300x227.jpeg 300w, https:\/\/ingojooss.com\/wp-content\/uploads\/2023\/06\/mg_4893zauberflwuohp_1_-768x582.jpeg 768w, https:\/\/ingojooss.com\/wp-content\/uploads\/2023\/06\/mg_4893zauberflwuohp_1_-700x531.jpeg 700w, https:\/\/ingojooss.com\/wp-content\/uploads\/2023\/06\/mg_4893zauberflwuohp_1_-520x394.jpeg 520w, https:\/\/ingojooss.com\/wp-content\/uploads\/2023\/06\/mg_4893zauberflwuohp_1_-360x273.jpeg 360w, https:\/\/ingojooss.com\/wp-content\/uploads\/2023\/06\/mg_4893zauberflwuohp_1_-250x189.jpeg 250w, https:\/\/ingojooss.com\/wp-content\/uploads\/2023\/06\/mg_4893zauberflwuohp_1_-100x76.jpeg 100w\" sizes=\"(max-width: 950px) 100vw, 950px\" \/><\/a><\/figure>\n\n\n\n<figure class=\"wp-block-image size-large\"><a href=\"https:\/\/ingojooss.com\/wp-content\/uploads\/2023\/06\/330910907_1321327285317724_7547481933091162663_n.jpeg\" target=\"_blank\" rel=\"noopener\"><img loading=\"lazy\" decoding=\"async\" width=\"1080\" height=\"810\" data-id=\"1123\" src=\"https:\/\/ingojooss.com\/wp-content\/uploads\/2025\/09\/330910907_1321327285317724_7547481933091162663_n-edited.jpeg\" alt=\"\" class=\"wp-image-1123\" srcset=\"https:\/\/ingojooss.com\/wp-content\/uploads\/2025\/09\/330910907_1321327285317724_7547481933091162663_n-edited.jpeg 1080w, https:\/\/ingojooss.com\/wp-content\/uploads\/2025\/09\/330910907_1321327285317724_7547481933091162663_n-edited-300x225.jpeg 300w, https:\/\/ingojooss.com\/wp-content\/uploads\/2025\/09\/330910907_1321327285317724_7547481933091162663_n-edited-1024x768.jpeg 1024w, https:\/\/ingojooss.com\/wp-content\/uploads\/2025\/09\/330910907_1321327285317724_7547481933091162663_n-edited-768x576.jpeg 768w, https:\/\/ingojooss.com\/wp-content\/uploads\/2025\/09\/330910907_1321327285317724_7547481933091162663_n-edited-700x525.jpeg 700w, https:\/\/ingojooss.com\/wp-content\/uploads\/2025\/09\/330910907_1321327285317724_7547481933091162663_n-edited-520x390.jpeg 520w, https:\/\/ingojooss.com\/wp-content\/uploads\/2025\/09\/330910907_1321327285317724_7547481933091162663_n-edited-360x270.jpeg 360w, https:\/\/ingojooss.com\/wp-content\/uploads\/2025\/09\/330910907_1321327285317724_7547481933091162663_n-edited-250x188.jpeg 250w, https:\/\/ingojooss.com\/wp-content\/uploads\/2025\/09\/330910907_1321327285317724_7547481933091162663_n-edited-100x75.jpeg 100w\" sizes=\"(max-width: 1080px) 100vw, 1080px\" \/><\/a><\/figure>\n<\/figure>\n\n\n\n<p class=\"has-small-font-size\">Fotos: Nik Sch\u00f6lzel<\/p>\n\n\n\n<p><br>&#8222;Im Mainfranken-Theater W\u00fcrzburg legt Regisseur Andreas Wiedermann eine vor bildlichen Einf\u00e4llen und symbolischen Verweisen \u00fcberbordende, oft ausufernde Interpretationen auf die B\u00fchne der Blauen Halle, durch die Ausstattung von Aylin Kaip optisch immer wieder faszinierend (&#8230;), abwechslungsreich vom Licht von Ingo Joo\u00df akzentuiert.&#8220;&nbsp;<br><em>Renate Freyeisen in O-Ton \u00fcber &#8222;Die Zauberfl\u00f6te&#8220;<\/em><\/p>\n","protected":false},"excerpt":{"rendered":"<p>Mainfrankentheater W\u00fcrzburg Musikalische Leitung: Gabor HontvariRegie: Andreas WiedermannAusstattung: Aylin Kaip Fotos: Nik Sch\u00f6lzel &#8222;Im Mainfranken-Theater W\u00fcrzburg legt Regisseur Andreas Wiedermann eine vor bildlichen Einf\u00e4llen und symbolischen Verweisen \u00fcberbordende, oft ausufernde Interpretationen auf die B\u00fchne der Blauen Halle, durch die Ausstattung von Aylin Kaip optisch immer wieder faszinierend (&#8230;), abwechslungsreich vom Licht von Ingo Joo\u00df akzentuiert.&#8220;&nbsp;Renate Freyeisen in O-Ton \u00fcber &#8222;Die Zauberfl\u00f6te&#8220;<\/p>\n","protected":false},"author":1,"featured_media":0,"parent":0,"menu_order":0,"comment_status":"closed","ping_status":"closed","template":"","meta":{"footnotes":""},"_links":{"self":[{"href":"https:\/\/ingojooss.com\/index.php?rest_route=\/wp\/v2\/pages\/1122"}],"collection":[{"href":"https:\/\/ingojooss.com\/index.php?rest_route=\/wp\/v2\/pages"}],"about":[{"href":"https:\/\/ingojooss.com\/index.php?rest_route=\/wp\/v2\/types\/page"}],"author":[{"embeddable":true,"href":"https:\/\/ingojooss.com\/index.php?rest_route=\/wp\/v2\/users\/1"}],"replies":[{"embeddable":true,"href":"https:\/\/ingojooss.com\/index.php?rest_route=%2Fwp%2Fv2%2Fcomments&post=1122"}],"version-history":[{"count":2,"href":"https:\/\/ingojooss.com\/index.php?rest_route=\/wp\/v2\/pages\/1122\/revisions"}],"predecessor-version":[{"id":1185,"href":"https:\/\/ingojooss.com\/index.php?rest_route=\/wp\/v2\/pages\/1122\/revisions\/1185"}],"wp:attachment":[{"href":"https:\/\/ingojooss.com\/index.php?rest_route=%2Fwp%2Fv2%2Fmedia&parent=1122"}],"curies":[{"name":"wp","href":"https:\/\/api.w.org\/{rel}","templated":true}]}}