{"id":1102,"date":"2025-09-15T11:19:52","date_gmt":"2025-09-15T11:19:52","guid":{"rendered":"https:\/\/ingojooss.com\/?page_id=1102"},"modified":"2025-09-15T11:26:40","modified_gmt":"2025-09-15T11:26:40","slug":"dusk","status":"publish","type":"page","link":"https:\/\/ingojooss.com\/?page_id=1102","title":{"rendered":"&#8222;Dusk&#8220;"},"content":{"rendered":"\n<p class=\"has-medium-font-size\"><strong>Theater Heidelberg\/ Ballett Halle<\/strong><\/p>\n\n\n\n<figure class=\"wp-block-image size-large\"><img loading=\"lazy\" decoding=\"async\" width=\"1024\" height=\"682\" src=\"http:\/\/ingojooss.com\/wp-content\/uploads\/2017\/11\/Dusk4-1024x682.jpg\" alt=\"\" class=\"wp-image-268\" srcset=\"https:\/\/ingojooss.com\/wp-content\/uploads\/2017\/11\/Dusk4-1024x682.jpg 1024w, https:\/\/ingojooss.com\/wp-content\/uploads\/2017\/11\/Dusk4-300x200.jpg 300w, https:\/\/ingojooss.com\/wp-content\/uploads\/2017\/11\/Dusk4-768x512.jpg 768w, https:\/\/ingojooss.com\/wp-content\/uploads\/2017\/11\/Dusk4-700x467.jpg 700w, https:\/\/ingojooss.com\/wp-content\/uploads\/2017\/11\/Dusk4-520x347.jpg 520w, https:\/\/ingojooss.com\/wp-content\/uploads\/2017\/11\/Dusk4-360x240.jpg 360w, https:\/\/ingojooss.com\/wp-content\/uploads\/2017\/11\/Dusk4-250x167.jpg 250w, https:\/\/ingojooss.com\/wp-content\/uploads\/2017\/11\/Dusk4-100x67.jpg 100w, https:\/\/ingojooss.com\/wp-content\/uploads\/2017\/11\/Dusk4.jpg 1400w\" sizes=\"(max-width: 1024px) 100vw, 1024px\" \/><\/figure>\n\n\n\n<p><br><strong>Konzept, Choreografie, B\u00fchnenbild: <\/strong>Nanine Linning<br><strong>Kost\u00fcme: <\/strong>Irina Shaposhnikova<br><\/p>\n\n\n\n<figure class=\"wp-block-gallery has-nested-images columns-2 is-cropped wp-block-gallery-1 is-layout-flex wp-block-gallery-is-layout-flex\">\n<figure class=\"wp-block-image size-large\"><a href=\"https:\/\/ingojooss.com\/wp-content\/uploads\/2017\/11\/Dusk7.jpg\" target=\"_blank\" rel=\"noopener\"><img loading=\"lazy\" decoding=\"async\" width=\"1024\" height=\"682\" data-id=\"271\" src=\"https:\/\/ingojooss.com\/wp-content\/uploads\/2017\/11\/Dusk7-1024x682.jpg\" alt=\"\" class=\"wp-image-271\" srcset=\"https:\/\/ingojooss.com\/wp-content\/uploads\/2017\/11\/Dusk7-1024x682.jpg 1024w, https:\/\/ingojooss.com\/wp-content\/uploads\/2017\/11\/Dusk7-300x200.jpg 300w, https:\/\/ingojooss.com\/wp-content\/uploads\/2017\/11\/Dusk7-768x512.jpg 768w, https:\/\/ingojooss.com\/wp-content\/uploads\/2017\/11\/Dusk7-700x467.jpg 700w, https:\/\/ingojooss.com\/wp-content\/uploads\/2017\/11\/Dusk7-520x347.jpg 520w, https:\/\/ingojooss.com\/wp-content\/uploads\/2017\/11\/Dusk7-360x240.jpg 360w, https:\/\/ingojooss.com\/wp-content\/uploads\/2017\/11\/Dusk7-250x167.jpg 250w, https:\/\/ingojooss.com\/wp-content\/uploads\/2017\/11\/Dusk7-100x67.jpg 100w, https:\/\/ingojooss.com\/wp-content\/uploads\/2017\/11\/Dusk7.jpg 1400w\" sizes=\"(max-width: 1024px) 100vw, 1024px\" \/><\/a><\/figure>\n\n\n\n<figure class=\"wp-block-image size-large\"><a href=\"https:\/\/ingojooss.com\/wp-content\/uploads\/2017\/11\/Dusk6.jpg\" target=\"_blank\" rel=\"noopener\"><img loading=\"lazy\" decoding=\"async\" width=\"1024\" height=\"682\" data-id=\"270\" src=\"https:\/\/ingojooss.com\/wp-content\/uploads\/2017\/11\/Dusk6-1024x682.jpg\" alt=\"\" class=\"wp-image-270\" srcset=\"https:\/\/ingojooss.com\/wp-content\/uploads\/2017\/11\/Dusk6-1024x682.jpg 1024w, https:\/\/ingojooss.com\/wp-content\/uploads\/2017\/11\/Dusk6-300x200.jpg 300w, https:\/\/ingojooss.com\/wp-content\/uploads\/2017\/11\/Dusk6-768x512.jpg 768w, https:\/\/ingojooss.com\/wp-content\/uploads\/2017\/11\/Dusk6-700x467.jpg 700w, https:\/\/ingojooss.com\/wp-content\/uploads\/2017\/11\/Dusk6-520x347.jpg 520w, https:\/\/ingojooss.com\/wp-content\/uploads\/2017\/11\/Dusk6-360x240.jpg 360w, https:\/\/ingojooss.com\/wp-content\/uploads\/2017\/11\/Dusk6-250x167.jpg 250w, https:\/\/ingojooss.com\/wp-content\/uploads\/2017\/11\/Dusk6-100x67.jpg 100w, https:\/\/ingojooss.com\/wp-content\/uploads\/2017\/11\/Dusk6.jpg 1400w\" sizes=\"(max-width: 1024px) 100vw, 1024px\" \/><\/a><\/figure>\n\n\n\n<figure class=\"wp-block-image size-large\"><a href=\"https:\/\/ingojooss.com\/wp-content\/uploads\/2017\/11\/Dusk4.jpg\" target=\"_blank\" rel=\"noopener\"><img loading=\"lazy\" decoding=\"async\" width=\"1024\" height=\"682\" data-id=\"268\" src=\"https:\/\/ingojooss.com\/wp-content\/uploads\/2017\/11\/Dusk4-1024x682.jpg\" alt=\"\" class=\"wp-image-268\" srcset=\"https:\/\/ingojooss.com\/wp-content\/uploads\/2017\/11\/Dusk4-1024x682.jpg 1024w, https:\/\/ingojooss.com\/wp-content\/uploads\/2017\/11\/Dusk4-300x200.jpg 300w, https:\/\/ingojooss.com\/wp-content\/uploads\/2017\/11\/Dusk4-768x512.jpg 768w, https:\/\/ingojooss.com\/wp-content\/uploads\/2017\/11\/Dusk4-700x467.jpg 700w, https:\/\/ingojooss.com\/wp-content\/uploads\/2017\/11\/Dusk4-520x347.jpg 520w, https:\/\/ingojooss.com\/wp-content\/uploads\/2017\/11\/Dusk4-360x240.jpg 360w, https:\/\/ingojooss.com\/wp-content\/uploads\/2017\/11\/Dusk4-250x167.jpg 250w, https:\/\/ingojooss.com\/wp-content\/uploads\/2017\/11\/Dusk4-100x67.jpg 100w, https:\/\/ingojooss.com\/wp-content\/uploads\/2017\/11\/Dusk4.jpg 1400w\" sizes=\"(max-width: 1024px) 100vw, 1024px\" \/><\/a><\/figure>\n\n\n\n<figure class=\"wp-block-image size-large\"><a href=\"https:\/\/ingojooss.com\/wp-content\/uploads\/2017\/11\/Dusk3.jpg\" target=\"_blank\" rel=\"noopener\"><img loading=\"lazy\" decoding=\"async\" width=\"1024\" height=\"682\" data-id=\"267\" src=\"https:\/\/ingojooss.com\/wp-content\/uploads\/2017\/11\/Dusk3-1024x682.jpg\" alt=\"\" class=\"wp-image-267\" srcset=\"https:\/\/ingojooss.com\/wp-content\/uploads\/2017\/11\/Dusk3-1024x682.jpg 1024w, https:\/\/ingojooss.com\/wp-content\/uploads\/2017\/11\/Dusk3-300x200.jpg 300w, https:\/\/ingojooss.com\/wp-content\/uploads\/2017\/11\/Dusk3-768x512.jpg 768w, https:\/\/ingojooss.com\/wp-content\/uploads\/2017\/11\/Dusk3-700x467.jpg 700w, https:\/\/ingojooss.com\/wp-content\/uploads\/2017\/11\/Dusk3-520x347.jpg 520w, https:\/\/ingojooss.com\/wp-content\/uploads\/2017\/11\/Dusk3-360x240.jpg 360w, https:\/\/ingojooss.com\/wp-content\/uploads\/2017\/11\/Dusk3-250x167.jpg 250w, https:\/\/ingojooss.com\/wp-content\/uploads\/2017\/11\/Dusk3-100x67.jpg 100w, https:\/\/ingojooss.com\/wp-content\/uploads\/2017\/11\/Dusk3.jpg 1400w\" sizes=\"(max-width: 1024px) 100vw, 1024px\" \/><\/a><\/figure>\n\n\n\n<figure class=\"wp-block-image size-large\"><a href=\"https:\/\/ingojooss.com\/wp-content\/uploads\/2017\/11\/Dusk2.jpg\" target=\"_blank\" rel=\"noopener\"><img loading=\"lazy\" decoding=\"async\" width=\"1024\" height=\"682\" data-id=\"266\" src=\"https:\/\/ingojooss.com\/wp-content\/uploads\/2017\/11\/Dusk2-1024x682.jpg\" alt=\"\" class=\"wp-image-266\" srcset=\"https:\/\/ingojooss.com\/wp-content\/uploads\/2017\/11\/Dusk2-1024x682.jpg 1024w, https:\/\/ingojooss.com\/wp-content\/uploads\/2017\/11\/Dusk2-300x200.jpg 300w, https:\/\/ingojooss.com\/wp-content\/uploads\/2017\/11\/Dusk2-768x512.jpg 768w, https:\/\/ingojooss.com\/wp-content\/uploads\/2017\/11\/Dusk2-700x467.jpg 700w, https:\/\/ingojooss.com\/wp-content\/uploads\/2017\/11\/Dusk2-520x347.jpg 520w, https:\/\/ingojooss.com\/wp-content\/uploads\/2017\/11\/Dusk2-360x240.jpg 360w, https:\/\/ingojooss.com\/wp-content\/uploads\/2017\/11\/Dusk2-250x167.jpg 250w, https:\/\/ingojooss.com\/wp-content\/uploads\/2017\/11\/Dusk2-100x67.jpg 100w, https:\/\/ingojooss.com\/wp-content\/uploads\/2017\/11\/Dusk2.jpg 1400w\" sizes=\"(max-width: 1024px) 100vw, 1024px\" \/><\/a><\/figure>\n\n\n\n<figure class=\"wp-block-image size-large\"><a href=\"https:\/\/ingojooss.com\/wp-content\/uploads\/2017\/11\/Dusk1.jpg\" target=\"_blank\" rel=\"noopener\"><img loading=\"lazy\" decoding=\"async\" width=\"1024\" height=\"682\" data-id=\"265\" src=\"https:\/\/ingojooss.com\/wp-content\/uploads\/2017\/11\/Dusk1-1024x682.jpg\" alt=\"\" class=\"wp-image-265\" srcset=\"https:\/\/ingojooss.com\/wp-content\/uploads\/2017\/11\/Dusk1-1024x682.jpg 1024w, https:\/\/ingojooss.com\/wp-content\/uploads\/2017\/11\/Dusk1-300x200.jpg 300w, https:\/\/ingojooss.com\/wp-content\/uploads\/2017\/11\/Dusk1-768x512.jpg 768w, https:\/\/ingojooss.com\/wp-content\/uploads\/2017\/11\/Dusk1-700x467.jpg 700w, https:\/\/ingojooss.com\/wp-content\/uploads\/2017\/11\/Dusk1-520x347.jpg 520w, https:\/\/ingojooss.com\/wp-content\/uploads\/2017\/11\/Dusk1-360x240.jpg 360w, https:\/\/ingojooss.com\/wp-content\/uploads\/2017\/11\/Dusk1-250x167.jpg 250w, https:\/\/ingojooss.com\/wp-content\/uploads\/2017\/11\/Dusk1-100x67.jpg 100w, https:\/\/ingojooss.com\/wp-content\/uploads\/2017\/11\/Dusk1.jpg 1400w\" sizes=\"(max-width: 1024px) 100vw, 1024px\" \/><\/a><\/figure>\n<\/figure>\n\n\n\n<p><\/p>\n\n\n<div class=\"wp-block-image\">\n<figure class=\"aligncenter size-full is-resized\"><img loading=\"lazy\" decoding=\"async\" width=\"640\" height=\"960\" src=\"http:\/\/ingojooss.com\/wp-content\/uploads\/2017\/11\/Dusk5.jpg\" alt=\"\" class=\"wp-image-269\" style=\"width:249px;height:auto\" srcset=\"https:\/\/ingojooss.com\/wp-content\/uploads\/2017\/11\/Dusk5.jpg 640w, https:\/\/ingojooss.com\/wp-content\/uploads\/2017\/11\/Dusk5-200x300.jpg 200w, https:\/\/ingojooss.com\/wp-content\/uploads\/2017\/11\/Dusk5-520x780.jpg 520w, https:\/\/ingojooss.com\/wp-content\/uploads\/2017\/11\/Dusk5-360x540.jpg 360w, https:\/\/ingojooss.com\/wp-content\/uploads\/2017\/11\/Dusk5-250x375.jpg 250w, https:\/\/ingojooss.com\/wp-content\/uploads\/2017\/11\/Dusk5-100x150.jpg 100w\" sizes=\"(max-width: 640px) 100vw, 640px\" \/><\/figure><\/div>\n\n\n<p><\/p>\n\n\n\n<p><\/p>\n\n\n\n<p><\/p>\n\n\n\n<p><\/p>\n\n\n\n<figure class=\"wp-block-embed is-type-video is-provider-youtube wp-block-embed-youtube wp-embed-aspect-16-9 wp-has-aspect-ratio\"><div class=\"wp-block-embed__wrapper\">\n<iframe loading=\"lazy\" title=\"DUSK - Dance Company Nanine Linning \/ Theater Heidelberg\" width=\"640\" height=\"360\" src=\"https:\/\/www.youtube.com\/embed\/kCWYCTUqPvo?feature=oembed\" frameborder=\"0\" allow=\"accelerometer; autoplay; clipboard-write; encrypted-media; gyroscope; picture-in-picture; web-share\" referrerpolicy=\"strict-origin-when-cross-origin\" allowfullscreen><\/iframe>\n<\/div><\/figure>\n\n\n\n<p><br><strong>&#8222;<\/strong>(&#8230;) Das nimmt in allen drei Teilen des Abends besonders anschaulich im Lichtdesign von Ingo Joo\u00df Gestalt an, welches die T\u00e4nzer immer wieder zwischen horizontalen Licht- und Schattenebenen hin- und herwechseln oder sie kaum merklich hinter einer Gaze im Nebel auf- und wieder abtauchen l\u00e4sst. (&#8230;)<strong>&#8222;<\/strong><br><em>Bettina Weber f\u00fcr &#8222;Die Deutsche B\u00fchne&#8220;<\/em><br><a href=\"http:\/\/www.die-deutsche-buehne.de\/Kritiken\/Tanz\/Nanine+Linning+Dusk\/Daemmernde+Schoenheit\">http:\/\/www.die-deutsche-buehne.de\/Kritiken\/Tanz\/Nanine+Linning+Dusk\/Daemmernde+Schoenheit<\/a><\/p>\n","protected":false},"excerpt":{"rendered":"<p>Theater Heidelberg\/ Ballett Halle Konzept, Choreografie, B\u00fchnenbild: Nanine LinningKost\u00fcme: Irina Shaposhnikova &#8222;(&#8230;) Das nimmt in allen drei Teilen des Abends besonders anschaulich im Lichtdesign von Ingo Joo\u00df Gestalt an, welches die T\u00e4nzer immer wieder zwischen horizontalen Licht- und Schattenebenen hin- und herwechseln oder sie kaum merklich hinter einer Gaze im Nebel auf- und wieder abtauchen l\u00e4sst. (&#8230;)&#8222;Bettina Weber f\u00fcr &#8222;Die Deutsche B\u00fchne&#8220;http:\/\/www.die-deutsche-buehne.de\/Kritiken\/Tanz\/Nanine+Linning+Dusk\/Daemmernde+Schoenheit<\/p>\n","protected":false},"author":1,"featured_media":0,"parent":0,"menu_order":0,"comment_status":"closed","ping_status":"closed","template":"","meta":{"footnotes":""},"_links":{"self":[{"href":"https:\/\/ingojooss.com\/index.php?rest_route=\/wp\/v2\/pages\/1102"}],"collection":[{"href":"https:\/\/ingojooss.com\/index.php?rest_route=\/wp\/v2\/pages"}],"about":[{"href":"https:\/\/ingojooss.com\/index.php?rest_route=\/wp\/v2\/types\/page"}],"author":[{"embeddable":true,"href":"https:\/\/ingojooss.com\/index.php?rest_route=\/wp\/v2\/users\/1"}],"replies":[{"embeddable":true,"href":"https:\/\/ingojooss.com\/index.php?rest_route=%2Fwp%2Fv2%2Fcomments&post=1102"}],"version-history":[{"count":8,"href":"https:\/\/ingojooss.com\/index.php?rest_route=\/wp\/v2\/pages\/1102\/revisions"}],"predecessor-version":[{"id":1111,"href":"https:\/\/ingojooss.com\/index.php?rest_route=\/wp\/v2\/pages\/1102\/revisions\/1111"}],"wp:attachment":[{"href":"https:\/\/ingojooss.com\/index.php?rest_route=%2Fwp%2Fv2%2Fmedia&parent=1102"}],"curies":[{"name":"wp","href":"https:\/\/api.w.org\/{rel}","templated":true}]}}