{"id":1026,"date":"2025-09-11T10:52:22","date_gmt":"2025-09-11T10:52:22","guid":{"rendered":"https:\/\/ingojooss.com\/?page_id=1026"},"modified":"2025-09-15T11:09:15","modified_gmt":"2025-09-15T11:09:15","slug":"forever-and-a-day","status":"publish","type":"page","link":"https:\/\/ingojooss.com\/?page_id=1026","title":{"rendered":"&#8222;Forever and a Day&#8220;"},"content":{"rendered":"\n<p class=\"has-medium-font-size\"><strong>Litauische Nationaloper und Ballett<\/strong><\/p>\n\n\n\n<figure class=\"wp-block-image size-large is-style-default\"><img loading=\"lazy\" decoding=\"async\" width=\"1024\" height=\"683\" src=\"http:\/\/ingojooss.com\/wp-content\/uploads\/2017\/10\/Forever-and-a-day14-1024x683.jpg\" alt=\"\" class=\"wp-image-401\" srcset=\"https:\/\/ingojooss.com\/wp-content\/uploads\/2017\/10\/Forever-and-a-day14-1024x683.jpg 1024w, https:\/\/ingojooss.com\/wp-content\/uploads\/2017\/10\/Forever-and-a-day14-300x200.jpg 300w, https:\/\/ingojooss.com\/wp-content\/uploads\/2017\/10\/Forever-and-a-day14-768x512.jpg 768w, https:\/\/ingojooss.com\/wp-content\/uploads\/2017\/10\/Forever-and-a-day14-700x467.jpg 700w, https:\/\/ingojooss.com\/wp-content\/uploads\/2017\/10\/Forever-and-a-day14-520x347.jpg 520w, https:\/\/ingojooss.com\/wp-content\/uploads\/2017\/10\/Forever-and-a-day14-360x240.jpg 360w, https:\/\/ingojooss.com\/wp-content\/uploads\/2017\/10\/Forever-and-a-day14-250x167.jpg 250w, https:\/\/ingojooss.com\/wp-content\/uploads\/2017\/10\/Forever-and-a-day14-100x67.jpg 100w, https:\/\/ingojooss.com\/wp-content\/uploads\/2017\/10\/Forever-and-a-day14.jpg 2000w\" sizes=\"(max-width: 1024px) 100vw, 1024px\" \/><\/figure>\n\n\n\n<p><br><strong>Regie, Choreografie,<\/strong> <strong>Autor, B\u00fchne: <\/strong>Itzik Galili<br><strong>Musik: <\/strong>Rita Ma\u010dili\u016bnaite<br><br><\/p>\n\n\n\n<figure class=\"wp-block-gallery has-nested-images columns-2 is-cropped wp-block-gallery-1 is-layout-flex wp-block-gallery-is-layout-flex\">\n<figure class=\"wp-block-image size-large\"><a href=\"https:\/\/ingojooss.com\/wp-content\/uploads\/2017\/10\/Forever-and-a-day13.jpg\" target=\"_blank\" rel=\"noopener\"><img loading=\"lazy\" decoding=\"async\" width=\"1024\" height=\"683\" data-id=\"400\" src=\"https:\/\/ingojooss.com\/wp-content\/uploads\/2017\/10\/Forever-and-a-day13-1024x683.jpg\" alt=\"\" class=\"wp-image-400\" srcset=\"https:\/\/ingojooss.com\/wp-content\/uploads\/2017\/10\/Forever-and-a-day13-1024x683.jpg 1024w, https:\/\/ingojooss.com\/wp-content\/uploads\/2017\/10\/Forever-and-a-day13-300x200.jpg 300w, https:\/\/ingojooss.com\/wp-content\/uploads\/2017\/10\/Forever-and-a-day13-768x512.jpg 768w, https:\/\/ingojooss.com\/wp-content\/uploads\/2017\/10\/Forever-and-a-day13-700x467.jpg 700w, https:\/\/ingojooss.com\/wp-content\/uploads\/2017\/10\/Forever-and-a-day13-520x347.jpg 520w, https:\/\/ingojooss.com\/wp-content\/uploads\/2017\/10\/Forever-and-a-day13-360x240.jpg 360w, https:\/\/ingojooss.com\/wp-content\/uploads\/2017\/10\/Forever-and-a-day13-250x167.jpg 250w, https:\/\/ingojooss.com\/wp-content\/uploads\/2017\/10\/Forever-and-a-day13-100x67.jpg 100w, https:\/\/ingojooss.com\/wp-content\/uploads\/2017\/10\/Forever-and-a-day13.jpg 2000w\" sizes=\"(max-width: 1024px) 100vw, 1024px\" \/><\/a><\/figure>\n\n\n\n<figure class=\"wp-block-image size-large\"><a href=\"https:\/\/ingojooss.com\/wp-content\/uploads\/2017\/10\/Forever-and-a-day11.jpg\" target=\"_blank\" rel=\"noopener\"><img loading=\"lazy\" decoding=\"async\" width=\"1024\" height=\"683\" data-id=\"398\" src=\"https:\/\/ingojooss.com\/wp-content\/uploads\/2017\/10\/Forever-and-a-day11-1024x683.jpg\" alt=\"\" class=\"wp-image-398\" srcset=\"https:\/\/ingojooss.com\/wp-content\/uploads\/2017\/10\/Forever-and-a-day11-1024x683.jpg 1024w, https:\/\/ingojooss.com\/wp-content\/uploads\/2017\/10\/Forever-and-a-day11-300x200.jpg 300w, https:\/\/ingojooss.com\/wp-content\/uploads\/2017\/10\/Forever-and-a-day11-768x512.jpg 768w, https:\/\/ingojooss.com\/wp-content\/uploads\/2017\/10\/Forever-and-a-day11-700x467.jpg 700w, https:\/\/ingojooss.com\/wp-content\/uploads\/2017\/10\/Forever-and-a-day11-520x347.jpg 520w, https:\/\/ingojooss.com\/wp-content\/uploads\/2017\/10\/Forever-and-a-day11-360x240.jpg 360w, https:\/\/ingojooss.com\/wp-content\/uploads\/2017\/10\/Forever-and-a-day11-250x167.jpg 250w, https:\/\/ingojooss.com\/wp-content\/uploads\/2017\/10\/Forever-and-a-day11-100x67.jpg 100w, https:\/\/ingojooss.com\/wp-content\/uploads\/2017\/10\/Forever-and-a-day11.jpg 2000w\" sizes=\"(max-width: 1024px) 100vw, 1024px\" \/><\/a><\/figure>\n\n\n\n<figure class=\"wp-block-image size-large\"><a href=\"https:\/\/ingojooss.com\/wp-content\/uploads\/2017\/10\/Forever-and-a-day19.jpg\" target=\"_blank\" rel=\"noopener\"><img loading=\"lazy\" decoding=\"async\" width=\"1024\" height=\"576\" data-id=\"406\" src=\"https:\/\/ingojooss.com\/wp-content\/uploads\/2017\/10\/Forever-and-a-day19-1024x576.jpg\" alt=\"\" class=\"wp-image-406\" srcset=\"https:\/\/ingojooss.com\/wp-content\/uploads\/2017\/10\/Forever-and-a-day19-1024x576.jpg 1024w, https:\/\/ingojooss.com\/wp-content\/uploads\/2017\/10\/Forever-and-a-day19-300x169.jpg 300w, https:\/\/ingojooss.com\/wp-content\/uploads\/2017\/10\/Forever-and-a-day19-768x432.jpg 768w, https:\/\/ingojooss.com\/wp-content\/uploads\/2017\/10\/Forever-and-a-day19-700x394.jpg 700w, https:\/\/ingojooss.com\/wp-content\/uploads\/2017\/10\/Forever-and-a-day19-520x293.jpg 520w, https:\/\/ingojooss.com\/wp-content\/uploads\/2017\/10\/Forever-and-a-day19-360x203.jpg 360w, https:\/\/ingojooss.com\/wp-content\/uploads\/2017\/10\/Forever-and-a-day19-250x141.jpg 250w, https:\/\/ingojooss.com\/wp-content\/uploads\/2017\/10\/Forever-and-a-day19-100x56.jpg 100w, https:\/\/ingojooss.com\/wp-content\/uploads\/2017\/10\/Forever-and-a-day19.jpg 2000w\" sizes=\"(max-width: 1024px) 100vw, 1024px\" \/><\/a><\/figure>\n\n\n\n<figure class=\"wp-block-image size-large\"><a href=\"https:\/\/ingojooss.com\/wp-content\/uploads\/2017\/10\/Forever-and-a-day12.jpg\" target=\"_blank\" rel=\"noopener\"><img loading=\"lazy\" decoding=\"async\" width=\"1024\" height=\"683\" data-id=\"399\" src=\"https:\/\/ingojooss.com\/wp-content\/uploads\/2017\/10\/Forever-and-a-day12-1024x683.jpg\" alt=\"\" class=\"wp-image-399\" srcset=\"https:\/\/ingojooss.com\/wp-content\/uploads\/2017\/10\/Forever-and-a-day12-1024x683.jpg 1024w, https:\/\/ingojooss.com\/wp-content\/uploads\/2017\/10\/Forever-and-a-day12-300x200.jpg 300w, https:\/\/ingojooss.com\/wp-content\/uploads\/2017\/10\/Forever-and-a-day12-768x512.jpg 768w, https:\/\/ingojooss.com\/wp-content\/uploads\/2017\/10\/Forever-and-a-day12-700x467.jpg 700w, https:\/\/ingojooss.com\/wp-content\/uploads\/2017\/10\/Forever-and-a-day12-520x347.jpg 520w, https:\/\/ingojooss.com\/wp-content\/uploads\/2017\/10\/Forever-and-a-day12-360x240.jpg 360w, https:\/\/ingojooss.com\/wp-content\/uploads\/2017\/10\/Forever-and-a-day12-250x167.jpg 250w, https:\/\/ingojooss.com\/wp-content\/uploads\/2017\/10\/Forever-and-a-day12-100x67.jpg 100w, https:\/\/ingojooss.com\/wp-content\/uploads\/2017\/10\/Forever-and-a-day12.jpg 2000w\" sizes=\"(max-width: 1024px) 100vw, 1024px\" \/><\/a><\/figure>\n\n\n\n<figure class=\"wp-block-image size-large\"><a href=\"https:\/\/ingojooss.com\/wp-content\/uploads\/2017\/10\/Forever-and-a-day16.jpg\" target=\"_blank\" rel=\"noopener\"><img loading=\"lazy\" decoding=\"async\" width=\"1024\" height=\"683\" data-id=\"403\" src=\"https:\/\/ingojooss.com\/wp-content\/uploads\/2017\/10\/Forever-and-a-day16-1024x683.jpg\" alt=\"\" class=\"wp-image-403\" srcset=\"https:\/\/ingojooss.com\/wp-content\/uploads\/2017\/10\/Forever-and-a-day16-1024x683.jpg 1024w, https:\/\/ingojooss.com\/wp-content\/uploads\/2017\/10\/Forever-and-a-day16-300x200.jpg 300w, https:\/\/ingojooss.com\/wp-content\/uploads\/2017\/10\/Forever-and-a-day16-768x512.jpg 768w, https:\/\/ingojooss.com\/wp-content\/uploads\/2017\/10\/Forever-and-a-day16-700x467.jpg 700w, https:\/\/ingojooss.com\/wp-content\/uploads\/2017\/10\/Forever-and-a-day16-520x347.jpg 520w, https:\/\/ingojooss.com\/wp-content\/uploads\/2017\/10\/Forever-and-a-day16-360x240.jpg 360w, https:\/\/ingojooss.com\/wp-content\/uploads\/2017\/10\/Forever-and-a-day16-250x167.jpg 250w, https:\/\/ingojooss.com\/wp-content\/uploads\/2017\/10\/Forever-and-a-day16-100x67.jpg 100w, https:\/\/ingojooss.com\/wp-content\/uploads\/2017\/10\/Forever-and-a-day16.jpg 2000w\" sizes=\"(max-width: 1024px) 100vw, 1024px\" \/><\/a><\/figure>\n\n\n\n<figure class=\"wp-block-image size-large\"><a href=\"https:\/\/ingojooss.com\/wp-content\/uploads\/2017\/10\/Forever-and-a-day18.jpg\" target=\"_blank\" rel=\"noopener\"><img loading=\"lazy\" decoding=\"async\" width=\"1024\" height=\"576\" data-id=\"405\" src=\"https:\/\/ingojooss.com\/wp-content\/uploads\/2017\/10\/Forever-and-a-day18-1024x576.jpg\" alt=\"\" class=\"wp-image-405\" srcset=\"https:\/\/ingojooss.com\/wp-content\/uploads\/2017\/10\/Forever-and-a-day18-1024x576.jpg 1024w, https:\/\/ingojooss.com\/wp-content\/uploads\/2017\/10\/Forever-and-a-day18-300x169.jpg 300w, https:\/\/ingojooss.com\/wp-content\/uploads\/2017\/10\/Forever-and-a-day18-768x432.jpg 768w, https:\/\/ingojooss.com\/wp-content\/uploads\/2017\/10\/Forever-and-a-day18-700x394.jpg 700w, https:\/\/ingojooss.com\/wp-content\/uploads\/2017\/10\/Forever-and-a-day18-520x293.jpg 520w, https:\/\/ingojooss.com\/wp-content\/uploads\/2017\/10\/Forever-and-a-day18-360x203.jpg 360w, https:\/\/ingojooss.com\/wp-content\/uploads\/2017\/10\/Forever-and-a-day18-250x141.jpg 250w, https:\/\/ingojooss.com\/wp-content\/uploads\/2017\/10\/Forever-and-a-day18-100x56.jpg 100w, https:\/\/ingojooss.com\/wp-content\/uploads\/2017\/10\/Forever-and-a-day18.jpg 2000w\" sizes=\"(max-width: 1024px) 100vw, 1024px\" \/><\/a><\/figure>\n\n\n\n<figure class=\"wp-block-image size-large\"><a href=\"https:\/\/ingojooss.com\/wp-content\/uploads\/2017\/10\/Forever-and-a-day10.jpg\" target=\"_blank\" rel=\"noopener\"><img loading=\"lazy\" decoding=\"async\" width=\"960\" height=\"640\" data-id=\"397\" src=\"https:\/\/ingojooss.com\/wp-content\/uploads\/2017\/10\/Forever-and-a-day10.jpg\" alt=\"\" class=\"wp-image-397\" srcset=\"https:\/\/ingojooss.com\/wp-content\/uploads\/2017\/10\/Forever-and-a-day10.jpg 960w, https:\/\/ingojooss.com\/wp-content\/uploads\/2017\/10\/Forever-and-a-day10-300x200.jpg 300w, https:\/\/ingojooss.com\/wp-content\/uploads\/2017\/10\/Forever-and-a-day10-768x512.jpg 768w, https:\/\/ingojooss.com\/wp-content\/uploads\/2017\/10\/Forever-and-a-day10-700x467.jpg 700w, https:\/\/ingojooss.com\/wp-content\/uploads\/2017\/10\/Forever-and-a-day10-520x347.jpg 520w, https:\/\/ingojooss.com\/wp-content\/uploads\/2017\/10\/Forever-and-a-day10-360x240.jpg 360w, https:\/\/ingojooss.com\/wp-content\/uploads\/2017\/10\/Forever-and-a-day10-250x167.jpg 250w, https:\/\/ingojooss.com\/wp-content\/uploads\/2017\/10\/Forever-and-a-day10-100x67.jpg 100w\" sizes=\"(max-width: 960px) 100vw, 960px\" \/><\/a><\/figure>\n\n\n\n<figure class=\"wp-block-image size-large\"><a href=\"https:\/\/ingojooss.com\/wp-content\/uploads\/2017\/10\/Forever-and-a-day4.jpg\" target=\"_blank\" rel=\"noopener\"><img loading=\"lazy\" decoding=\"async\" width=\"1024\" height=\"683\" data-id=\"391\" src=\"https:\/\/ingojooss.com\/wp-content\/uploads\/2017\/10\/Forever-and-a-day4-1024x683.jpg\" alt=\"\" class=\"wp-image-391\" srcset=\"https:\/\/ingojooss.com\/wp-content\/uploads\/2017\/10\/Forever-and-a-day4-1024x683.jpg 1024w, https:\/\/ingojooss.com\/wp-content\/uploads\/2017\/10\/Forever-and-a-day4-300x200.jpg 300w, https:\/\/ingojooss.com\/wp-content\/uploads\/2017\/10\/Forever-and-a-day4-768x512.jpg 768w, https:\/\/ingojooss.com\/wp-content\/uploads\/2017\/10\/Forever-and-a-day4-700x467.jpg 700w, https:\/\/ingojooss.com\/wp-content\/uploads\/2017\/10\/Forever-and-a-day4-520x347.jpg 520w, https:\/\/ingojooss.com\/wp-content\/uploads\/2017\/10\/Forever-and-a-day4-360x240.jpg 360w, https:\/\/ingojooss.com\/wp-content\/uploads\/2017\/10\/Forever-and-a-day4-250x167.jpg 250w, https:\/\/ingojooss.com\/wp-content\/uploads\/2017\/10\/Forever-and-a-day4-100x67.jpg 100w, https:\/\/ingojooss.com\/wp-content\/uploads\/2017\/10\/Forever-and-a-day4.jpg 2000w\" sizes=\"(max-width: 1024px) 100vw, 1024px\" \/><\/a><\/figure>\n\n\n\n<figure class=\"wp-block-image size-large\"><a href=\"https:\/\/ingojooss.com\/wp-content\/uploads\/2017\/10\/Forever-and-a-day3.jpg\" target=\"_blank\" rel=\"noopener\"><img loading=\"lazy\" decoding=\"async\" width=\"1024\" height=\"768\" data-id=\"390\" src=\"https:\/\/ingojooss.com\/wp-content\/uploads\/2017\/10\/Forever-and-a-day3-1024x768.jpg\" alt=\"\" class=\"wp-image-390\" srcset=\"https:\/\/ingojooss.com\/wp-content\/uploads\/2017\/10\/Forever-and-a-day3-1024x768.jpg 1024w, https:\/\/ingojooss.com\/wp-content\/uploads\/2017\/10\/Forever-and-a-day3-300x225.jpg 300w, https:\/\/ingojooss.com\/wp-content\/uploads\/2017\/10\/Forever-and-a-day3-768x576.jpg 768w, https:\/\/ingojooss.com\/wp-content\/uploads\/2017\/10\/Forever-and-a-day3-700x525.jpg 700w, https:\/\/ingojooss.com\/wp-content\/uploads\/2017\/10\/Forever-and-a-day3-520x390.jpg 520w, https:\/\/ingojooss.com\/wp-content\/uploads\/2017\/10\/Forever-and-a-day3-360x270.jpg 360w, https:\/\/ingojooss.com\/wp-content\/uploads\/2017\/10\/Forever-and-a-day3-250x188.jpg 250w, https:\/\/ingojooss.com\/wp-content\/uploads\/2017\/10\/Forever-and-a-day3-100x75.jpg 100w\" sizes=\"(max-width: 1024px) 100vw, 1024px\" \/><\/a><\/figure>\n\n\n\n<figure class=\"wp-block-image size-large\"><a href=\"https:\/\/ingojooss.com\/wp-content\/uploads\/2017\/10\/Forever-and-a-day6.jpg\" target=\"_blank\" rel=\"noopener\"><img loading=\"lazy\" decoding=\"async\" width=\"960\" height=\"540\" data-id=\"393\" src=\"https:\/\/ingojooss.com\/wp-content\/uploads\/2017\/10\/Forever-and-a-day6.jpg\" alt=\"\" class=\"wp-image-393\" srcset=\"https:\/\/ingojooss.com\/wp-content\/uploads\/2017\/10\/Forever-and-a-day6.jpg 960w, https:\/\/ingojooss.com\/wp-content\/uploads\/2017\/10\/Forever-and-a-day6-300x169.jpg 300w, https:\/\/ingojooss.com\/wp-content\/uploads\/2017\/10\/Forever-and-a-day6-768x432.jpg 768w, https:\/\/ingojooss.com\/wp-content\/uploads\/2017\/10\/Forever-and-a-day6-700x394.jpg 700w, https:\/\/ingojooss.com\/wp-content\/uploads\/2017\/10\/Forever-and-a-day6-520x293.jpg 520w, https:\/\/ingojooss.com\/wp-content\/uploads\/2017\/10\/Forever-and-a-day6-360x203.jpg 360w, https:\/\/ingojooss.com\/wp-content\/uploads\/2017\/10\/Forever-and-a-day6-250x141.jpg 250w, https:\/\/ingojooss.com\/wp-content\/uploads\/2017\/10\/Forever-and-a-day6-100x56.jpg 100w\" sizes=\"(max-width: 960px) 100vw, 960px\" \/><\/a><\/figure>\n\n\n\n<figure class=\"wp-block-image size-large\"><a href=\"https:\/\/ingojooss.com\/wp-content\/uploads\/2017\/10\/Forever-and-a-day7.jpg\" target=\"_blank\" rel=\"noopener\"><img loading=\"lazy\" decoding=\"async\" width=\"960\" height=\"640\" data-id=\"394\" src=\"https:\/\/ingojooss.com\/wp-content\/uploads\/2017\/10\/Forever-and-a-day7.jpg\" alt=\"\" class=\"wp-image-394\" srcset=\"https:\/\/ingojooss.com\/wp-content\/uploads\/2017\/10\/Forever-and-a-day7.jpg 960w, https:\/\/ingojooss.com\/wp-content\/uploads\/2017\/10\/Forever-and-a-day7-300x200.jpg 300w, https:\/\/ingojooss.com\/wp-content\/uploads\/2017\/10\/Forever-and-a-day7-768x512.jpg 768w, https:\/\/ingojooss.com\/wp-content\/uploads\/2017\/10\/Forever-and-a-day7-700x467.jpg 700w, https:\/\/ingojooss.com\/wp-content\/uploads\/2017\/10\/Forever-and-a-day7-520x347.jpg 520w, https:\/\/ingojooss.com\/wp-content\/uploads\/2017\/10\/Forever-and-a-day7-360x240.jpg 360w, https:\/\/ingojooss.com\/wp-content\/uploads\/2017\/10\/Forever-and-a-day7-250x167.jpg 250w, https:\/\/ingojooss.com\/wp-content\/uploads\/2017\/10\/Forever-and-a-day7-100x67.jpg 100w\" sizes=\"(max-width: 960px) 100vw, 960px\" \/><\/a><\/figure>\n\n\n\n<figure class=\"wp-block-image size-large\"><a href=\"https:\/\/ingojooss.com\/wp-content\/uploads\/2017\/10\/Forever-and-a-day8.jpg\" target=\"_blank\" rel=\"noopener\"><img loading=\"lazy\" decoding=\"async\" width=\"960\" height=\"640\" data-id=\"395\" src=\"https:\/\/ingojooss.com\/wp-content\/uploads\/2017\/10\/Forever-and-a-day8.jpg\" alt=\"\" class=\"wp-image-395\" srcset=\"https:\/\/ingojooss.com\/wp-content\/uploads\/2017\/10\/Forever-and-a-day8.jpg 960w, https:\/\/ingojooss.com\/wp-content\/uploads\/2017\/10\/Forever-and-a-day8-300x200.jpg 300w, https:\/\/ingojooss.com\/wp-content\/uploads\/2017\/10\/Forever-and-a-day8-768x512.jpg 768w, https:\/\/ingojooss.com\/wp-content\/uploads\/2017\/10\/Forever-and-a-day8-700x467.jpg 700w, https:\/\/ingojooss.com\/wp-content\/uploads\/2017\/10\/Forever-and-a-day8-520x347.jpg 520w, https:\/\/ingojooss.com\/wp-content\/uploads\/2017\/10\/Forever-and-a-day8-360x240.jpg 360w, https:\/\/ingojooss.com\/wp-content\/uploads\/2017\/10\/Forever-and-a-day8-250x167.jpg 250w, https:\/\/ingojooss.com\/wp-content\/uploads\/2017\/10\/Forever-and-a-day8-100x67.jpg 100w\" sizes=\"(max-width: 960px) 100vw, 960px\" \/><\/a><\/figure>\n\n\n\n<figure class=\"wp-block-image size-large\"><a href=\"https:\/\/ingojooss.com\/wp-content\/uploads\/2017\/10\/Forever-and-a-day9.jpg\" target=\"_blank\" rel=\"noopener\"><img loading=\"lazy\" decoding=\"async\" width=\"960\" height=\"640\" data-id=\"396\" src=\"https:\/\/ingojooss.com\/wp-content\/uploads\/2017\/10\/Forever-and-a-day9.jpg\" alt=\"\" class=\"wp-image-396\" srcset=\"https:\/\/ingojooss.com\/wp-content\/uploads\/2017\/10\/Forever-and-a-day9.jpg 960w, https:\/\/ingojooss.com\/wp-content\/uploads\/2017\/10\/Forever-and-a-day9-300x200.jpg 300w, https:\/\/ingojooss.com\/wp-content\/uploads\/2017\/10\/Forever-and-a-day9-768x512.jpg 768w, https:\/\/ingojooss.com\/wp-content\/uploads\/2017\/10\/Forever-and-a-day9-700x467.jpg 700w, https:\/\/ingojooss.com\/wp-content\/uploads\/2017\/10\/Forever-and-a-day9-520x347.jpg 520w, https:\/\/ingojooss.com\/wp-content\/uploads\/2017\/10\/Forever-and-a-day9-360x240.jpg 360w, https:\/\/ingojooss.com\/wp-content\/uploads\/2017\/10\/Forever-and-a-day9-250x167.jpg 250w, https:\/\/ingojooss.com\/wp-content\/uploads\/2017\/10\/Forever-and-a-day9-100x67.jpg 100w\" sizes=\"(max-width: 960px) 100vw, 960px\" \/><\/a><\/figure>\n\n\n\n<figure class=\"wp-block-image size-large\"><a href=\"https:\/\/ingojooss.com\/wp-content\/uploads\/2017\/10\/Forever-and-a-day2.jpg\" target=\"_blank\" rel=\"noopener\"><img loading=\"lazy\" decoding=\"async\" width=\"1024\" height=\"760\" data-id=\"389\" src=\"https:\/\/ingojooss.com\/wp-content\/uploads\/2017\/10\/Forever-and-a-day2-1024x760.jpg\" alt=\"\" class=\"wp-image-389\" srcset=\"https:\/\/ingojooss.com\/wp-content\/uploads\/2017\/10\/Forever-and-a-day2-1024x760.jpg 1024w, https:\/\/ingojooss.com\/wp-content\/uploads\/2017\/10\/Forever-and-a-day2-300x223.jpg 300w, https:\/\/ingojooss.com\/wp-content\/uploads\/2017\/10\/Forever-and-a-day2-768x570.jpg 768w, https:\/\/ingojooss.com\/wp-content\/uploads\/2017\/10\/Forever-and-a-day2-700x520.jpg 700w, https:\/\/ingojooss.com\/wp-content\/uploads\/2017\/10\/Forever-and-a-day2-520x386.jpg 520w, https:\/\/ingojooss.com\/wp-content\/uploads\/2017\/10\/Forever-and-a-day2-360x267.jpg 360w, https:\/\/ingojooss.com\/wp-content\/uploads\/2017\/10\/Forever-and-a-day2-250x186.jpg 250w, https:\/\/ingojooss.com\/wp-content\/uploads\/2017\/10\/Forever-and-a-day2-100x74.jpg 100w\" sizes=\"(max-width: 1024px) 100vw, 1024px\" \/><\/a><\/figure>\n<\/figure>\n\n\n\n<p class=\"has-small-font-size\">Fotos: Martynas Aleksa\/Ingo Joo\u00df<\/p>\n\n\n\n<p><strong>Presse:<\/strong><br>\u201eMost remarkable are the aforementioned beautiful vocalists\u2018 voices and lighting compositions forming the vaults, diagonal lines of light streams, impressively highlighting the monumental set, resembling a serrated crown of a medieval city palace and surrounding walls, decorated with vivid portraits (protruding heads) or graceful ornaments of ballet artist\u2019s legs (choreographer collaborated with light designer Ingo Joo\u00df).\u201c&nbsp;<br><em>Muzikos Barai Litauen \u00fcber \u201eForever and a Day\u201c<\/em><\/p>\n","protected":false},"excerpt":{"rendered":"<p>Litauische Nationaloper und Ballett Regie, Choreografie, Autor, B\u00fchne: Itzik GaliliMusik: Rita Ma\u010dili\u016bnaite Fotos: Martynas Aleksa\/Ingo Joo\u00df Presse:\u201eMost remarkable are the aforementioned beautiful vocalists\u2018 voices and lighting compositions forming the vaults, diagonal lines of light streams, impressively highlighting the monumental set, resembling a serrated crown of a medieval city palace and surrounding walls, decorated with vivid portraits (protruding heads) or graceful ornaments of ballet artist\u2019s legs (choreographer collaborated with light designer Ingo Joo\u00df).\u201c&nbsp;Muzikos Barai Litauen \u00fcber \u201eForever and a Day\u201c<\/p>\n","protected":false},"author":1,"featured_media":0,"parent":0,"menu_order":0,"comment_status":"closed","ping_status":"closed","template":"","meta":{"footnotes":""},"_links":{"self":[{"href":"https:\/\/ingojooss.com\/index.php?rest_route=\/wp\/v2\/pages\/1026"}],"collection":[{"href":"https:\/\/ingojooss.com\/index.php?rest_route=\/wp\/v2\/pages"}],"about":[{"href":"https:\/\/ingojooss.com\/index.php?rest_route=\/wp\/v2\/types\/page"}],"author":[{"embeddable":true,"href":"https:\/\/ingojooss.com\/index.php?rest_route=\/wp\/v2\/users\/1"}],"replies":[{"embeddable":true,"href":"https:\/\/ingojooss.com\/index.php?rest_route=%2Fwp%2Fv2%2Fcomments&post=1026"}],"version-history":[{"count":16,"href":"https:\/\/ingojooss.com\/index.php?rest_route=\/wp\/v2\/pages\/1026\/revisions"}],"predecessor-version":[{"id":1096,"href":"https:\/\/ingojooss.com\/index.php?rest_route=\/wp\/v2\/pages\/1026\/revisions\/1096"}],"wp:attachment":[{"href":"https:\/\/ingojooss.com\/index.php?rest_route=%2Fwp%2Fv2%2Fmedia&parent=1026"}],"curies":[{"name":"wp","href":"https:\/\/api.w.org\/{rel}","templated":true}]}}